{"id":2389,"date":"2024-11-21T16:05:16","date_gmt":"2024-11-21T16:05:16","guid":{"rendered":"http:\/\/www.best-rent.com.hr\/?page_id=2389"},"modified":"2024-12-04T13:57:16","modified_gmt":"2024-12-04T13:57:16","slug":"zastita-privatnosti","status":"publish","type":"page","link":"https:\/\/www.best-rent.com.hr\/en\/zastita-privatnosti\/","title":{"rendered":"Privacy protection"},"content":{"rendered":"<div class=\"fusion-fullwidth fullwidth-box fusion-builder-row-1 fusion-flex-container nonhundred-percent-fullwidth non-hundred-percent-height-scrolling\" style=\"--awb-border-radius-top-left:0px;--awb-border-radius-top-right:0px;--awb-border-radius-bottom-right:0px;--awb-border-radius-bottom-left:0px;--awb-flex-wrap:wrap;\" ><div class=\"fusion-builder-row fusion-row fusion-flex-align-items-flex-start fusion-flex-content-wrap\" style=\"max-width:1393.6px;margin-left: calc(-4% \/ 2 );margin-right: calc(-4% \/ 2 );\"><div class=\"fusion-layout-column fusion_builder_column fusion-builder-column-0 fusion_builder_column_1_1 1_1 fusion-flex-column\" style=\"--awb-padding-top:55px;--awb-bg-blend:overlay;--awb-bg-size:cover;--awb-width-large:100%;--awb-margin-top-large:0px;--awb-spacing-right-large:1.92%;--awb-margin-bottom-large:0px;--awb-spacing-left-large:1.92%;--awb-width-medium:100%;--awb-spacing-right-medium:1.92%;--awb-spacing-left-medium:1.92%;--awb-width-small:100%;--awb-spacing-right-small:1.92%;--awb-spacing-left-small:1.92%;\"><div class=\"fusion-column-wrapper fusion-flex-justify-content-flex-start fusion-content-layout-column\"><div class=\"fusion-text fusion-text-1\"><div class=\"av-special-heading av-special-heading-h2 blockquote modern-quote avia-builder-el-1 el_before_av_hr avia-builder-el-first av-inherit-size\">\n<h2 class=\"av-special-heading-tag\">PROTECTION OF PERSONAL DATA ON THE BEST-RENT.HR WEBSITE<\/h2>\n<\/div>\n<div class=\"hr hr-custom hr-left hr-icon-no avia-builder-el-2 el_after_av_heading el_before_av_one_full\">&nbsp;<\/div>\n<div class=\"flex_column av_one_full flex_column_div av-zero-column-padding first avia-builder-el-3 el_after_av_hr avia-builder-el-last\">\n<section class=\"av_textblock_section\">\n<div class=\"avia_textblock\">\n<h3>IDENTITY AND CONTACT INFORMATION OF THE MANAGER OF PERSONAL DATA PROCESSING<\/h3>\n<div id=\"osnovni_podaci\" class=\"center-content\">\n<h1 class=\"intro-naslov\"><span id=\"naznaka\">AGRO MAK d.o.o. <\/span><\/h1>\n<p>AGRO MAK company with limited liability for production, trade and services<\/p>\n<ul class=\"intro-podaci noShadow\">\n<li>OIB 42835023837<\/li>\n<li>Adress : <span id=\"parafAdresa\">Milanovac, 30. svibnja 50 <\/span><\/li>\n<li>best.rent.hr@gmail.com<\/li>\n<\/ul>\n<\/div>\n<p>(The controller is: a natural or legal person who determines the purposes and means of personal data processing).<\/p>\n<h3>PURPOSES OF PROCESSING FOR WHICH PERSONAL DATA ARE USED<\/h3>\n<p>We use personal data for the purposes of entering into and fulfilling vehicle rental contracts,<br \/>and that for the purpose of collecting claims and for the purposes of resolving compensation and recourse claims in peaceful or<br \/>court proceedings. We process personal data to protect our legitimate interests for purposes<br \/>detection and prevention of fraud or misdemeanors in the case of entering into a vehicle rental contract.<br \/><strong>Legal basis for processing:<\/strong><br \/>Pravna osnova za obradu Va\u0161ih osobnih podataka u gore navedene svrhe je sklapanje i ispunjenje<br \/>vehicle rental agreement and compliance with the company's general terms and conditions.<\/p>\n<h3>CATEGORIES OF PERSONAL DATA WE PROCESS<\/h3>\n<p>We process personal data required for the above purposes:<br \/>Identification and contact information: Name and surname, gender, place of residence, date and place<br \/>date of birth, personal identification number (OIB), identity card number, driver's license number, address<br \/>email address and phone number.<br \/>Financial information and account details: Credit card number.<\/p>\n<h3>WHEN PERSONAL DATA IS NOT OBTAINED DIRECTLY FROM THE PERSON WHOSE DATA IS PROCESSED<\/h3>\n<p>We process personal data that is necessary for the above purposes even when it is not collected directly<br \/>from the person whose data we received from the lessee, driver 1 or driver 2.<br \/>We process personal data that is necessary for the above purposes, which is set out in the\u00a0Privacy Policy.<\/p>\n<h3>RECIPIENTS AND CATEGORIES OF PERSONAL DATA RECIPIENTS<\/h3>\n<p>In some cases, we may provide personal data to public bodies of the Republic of Croatia i<br \/>countries of the European Union if they ask us. It is about situations when police stations<br \/>it is necessary to send information about the driver of the rented vehicle in order to commit a traffic violation<br \/>with the vehicle rented by Driver 1 and\/or Driver 2 from the vehicle rental agreement.<\/p>\n<h3>WHY IS IT NECESSARY TO PROVIDE YOUR PERSONAL DATA<\/h3>\n<p>The provision of your personal data is necessary for the conclusion and fulfillment of the vehicle rental contract, a<br \/>if you do not provide the information necessary for a certain type of contract, we will not be able to conclude it<br \/>lease agreement.<\/p>\n<h3>Details on whether we intend to transfer personal data to a third country and information on whether or not there is an appropriateness decision<\/h3>\n<p>In some cases, we transfer personal data to service providers located outside of Europe<br \/>economic space (EEA). In such a case, the transfer of personal data takes place only if<br \/>The European Commission has confirmed that the third country meets a certain level of data protection or if<br \/>there are appropriate protection measures in accordance with the applicable law (e.g. Binding corporate<br \/>rules, standard contractual clauses). You have the right to obtain information and, if applicable,<br \/>a copy of the protective measures adopted for the transfer of personal data outside the EEA by contacting<br \/>Data Protection Officer.<\/p>\n<h3>Rights in relation to personal data<\/h3>\n<p><strong>You have the following rights when it comes to your data:<\/strong><\/p>\n<p>Right of access - you can request access to your personal data and confirmation of whether your data is being processed<br \/>personal data.<\/p>\n<p>Right to rectification \u2013 you can request that <span id=\"naznaka\">AGRO MAK d.o.o.<\/span><span id=\"naznaka\">&nbsp;<\/span>correct personal data that is incorrect or that<br \/>fill in personal data that is incomplete.<\/p>\n<p>Right to erasure (right to be forgotten) \u2013 you can request that <span id=\"naznaka\">AGRO MAK d.o.o.<\/span>&nbsp;delete your personal data<br \/>if one of the following conditions is met:<\/p>\n<p>and. personal data are no longer necessary in relation to the purposes for which they were collected or otherwise<br \/>obra\u0111eni;<\/p>\n<p>b. object to automated decision-making, and there are no stronger legitimate reasons to<br \/>processing, or object to processing for direct marketing;<\/p>\n<p>c. personal data were illegally processed;<\/p>\n<p>d. personal data must be deleted by obligation based on European Union law or by<br \/>laws and regulations of the Republic of Croatia<\/p>\n<p><strong>Right to restriction \u2013 you can request that <span id=\"naznaka\">AGRO MAK d.o.o.<\/span>&nbsp;limit the way it processes your<\/strong><br \/><strong>personal data if one of the following is met:<\/strong><\/p>\n<p>a. you dispute the accuracy of your personal data, during the period it enables <span id=\"naznaka\">AGRO MAK d.o.o.<\/span><br \/>to verify the accuracy of your personal data.<\/p>\n<p>b. The processing is unlawful and you object to the erasure of your personal data and instead request it<br \/>limiting their use;<\/p>\n<p>c. AGRO MAK d.o.o. vi\u0161e ne treba osobne podatke za potrebe obrade, ali su Vama potrebni radi<br \/>establishing, realizing or defending legal claims;<\/p>\n<p>d. You have objected to processing based on the right to object to automated processing<br \/>decision until checking whether our legitimate interests exceed your interests<\/p>\n<p>In the event that you have requested the restriction of processing, <span id=\"naznaka\">AGRO MAK d.o.o.<\/span> will inform you before the limit<br \/>be abolished.<\/p>\n<p>Portability rights - you can request that <span id=\"naznaka\">AGRO MAK d.o.o.<\/span> transfer personal data that you have provided to us<br \/>provided, to another data controller and\/or request receipt of your personal data in a structured,<br \/>commonly used and machine-readable format.<br \/>The right to object - you can object to the processing of your personal data by <span id=\"naznaka\">AGRO MAK d.o.o.<\/span>&nbsp;for direct marketing or, in another situation in accordance with the regulations of the Republic of Croatia, giving<br \/>notification to the Personal Data Protection Officer.<\/p>\n<h3>THE PERIOD IN WHICH YOUR DATA WILL BE STORED<\/h3>\n<p>Your personal data, which you provided as a party for the purpose of entering into and fulfilling the rental agreement<br \/>vehicles are kept as long as necessary to achieve the purpose for which we process them. Criterion<br \/>on the basis of which we determine the period of storage of personal data is precisely the purpose of collection,<br \/>the duration of the rental agreement, statute of limitations for claims prescribed by law or a specific provision<br \/>of the second law, which obliges us to keep certain data for a specific period of time.<\/p>\n<h3>AUTOMATED DECISION MAKING INCLUDING PROFILE CREATION<\/h3>\n<p>We process your Personal Data by automated means in order to make decisions, e.g. On occasion<br \/>vehicle rental contracts.<\/p>\n<h3>COOKIES<\/h3>\n<p>The website www.best-rent.com.hr uses the so-called cookies (eng. 'cookies') so that the user can be provided with a service with full functionality and the highest quality content. Cookies represent a set of data generated by the website server and saved by the web browser on the user's disk in the form of a small text file. We constantly strive to provide our users with the best possible user experience, so it should be noted that our websites work optimally only if cookies are enabled. In order to be able to use \"cookies\" in accordance with the Electronic Communications Act, the Personal Data Protection Act and EU Directives, we need your consent. By using this website, you give your consent and agree to the use of cookies. By blocking cookies, you can still browse the site, but some of its features will not be available to you.<\/p>\n<h3>EMBEDDED CONTENT FROM OTHER WEBSITES<\/h3>\n<p>Articles on this website may contain embedded content (eg video, images, articles, etc.). Embedded content from other web pages behaves the same as if the visitor had visited that other web page.<\/p>\n<h3>LIMITATION OF LIABILITY<\/h3>\n<p>Iako poduzimamo dostupne tehni\u010dke i organizacijske mjere u cilju spre\u010davanja neovla\u0161tenog otkrivanja va\u0161ih osobnih podataka, ne mo\u017eemo jam\u010diti da neki od osobnih podataka koje prikupljamo ne\u0107e nikada biti slu\u010dajno otkriveni, suprotno odredbama ovih Pravila za\u0161tite privatnosti. Do najve\u0107e mjere dopu\u0161tene zakonom isklju\u010dujemo odgovornost za \u0161tetu nanesenu korisnicima ili tre\u0107im osobama slu\u010dajnim otkrivanjem osobnih podataka.<\/p>\n<h3>DATA PROTECTION OFFICER<\/h3>\n<h1 class=\"intro-naslov\"><span id=\"naznaka\">AGRO MAK d.o.o. <\/span><\/h1>\n<p>AGRO MAK company with limited liability for production, trade and services<\/p>\n<ul class=\"intro-podaci noShadow\">\n<li>OIB 42835023837<\/li>\n<li>Adress : <span id=\"parafAdresa\">Milanovac, 30. svibnja 50 <\/span><\/li>\n<li>Mob: 099 444 5444<\/li>\n<li>best.rent.hr@gmail.com<\/li>\n<\/ul>\n<\/div>\n<\/section>\n<\/div>\n<\/div><\/div><\/div><\/div><\/div>","protected":false},"excerpt":{"rendered":"","protected":false},"author":1,"featured_media":0,"parent":0,"menu_order":0,"comment_status":"closed","ping_status":"closed","template":"","meta":{"footnotes":""},"class_list":["post-2389","page","type-page","status-publish","hentry"],"_links":{"self":[{"href":"https:\/\/www.best-rent.com.hr\/en\/wp-json\/wp\/v2\/pages\/2389","targetHints":{"allow":["GET"]}}],"collection":[{"href":"https:\/\/www.best-rent.com.hr\/en\/wp-json\/wp\/v2\/pages"}],"about":[{"href":"https:\/\/www.best-rent.com.hr\/en\/wp-json\/wp\/v2\/types\/page"}],"author":[{"embeddable":true,"href":"https:\/\/www.best-rent.com.hr\/en\/wp-json\/wp\/v2\/users\/1"}],"replies":[{"embeddable":true,"href":"https:\/\/www.best-rent.com.hr\/en\/wp-json\/wp\/v2\/comments?post=2389"}],"version-history":[{"count":8,"href":"https:\/\/www.best-rent.com.hr\/en\/wp-json\/wp\/v2\/pages\/2389\/revisions"}],"predecessor-version":[{"id":2550,"href":"https:\/\/www.best-rent.com.hr\/en\/wp-json\/wp\/v2\/pages\/2389\/revisions\/2550"}],"wp:attachment":[{"href":"https:\/\/www.best-rent.com.hr\/en\/wp-json\/wp\/v2\/media?parent=2389"}],"curies":[{"name":"wp","href":"https:\/\/api.w.org\/{rel}","templated":true}]}}